{"id":1783,"date":"2023-05-31T10:51:31","date_gmt":"2023-05-31T08:51:31","guid":{"rendered":"https:\/\/www.noracent.de\/?page_id=1783"},"modified":"2023-06-08T10:50:27","modified_gmt":"2023-06-08T08:50:27","slug":"noracent","status":"publish","type":"page","link":"https:\/\/www.noracent.de\/en\/noracent\/","title":{"rendered":"noracent &#8211; Pharmaceutical Wholesale"},"content":{"rendered":"<div class=\"wpb-content-wrapper\"><p>[vc_row content_placement=&#8221;middle&#8221; bg_position=&#8221;custom&#8221; css=&#8221;.vc_custom_1587910266413{padding-top: 1% !important;padding-bottom: 1% !important;background-image: url(https:\/\/www.noracent.de\/wp-content\/uploads\/2020\/04\/nc-header-firma-min.jpg?id=744) !important;background-position: center !important;background-repeat: no-repeat !important;background-size: cover !important;}&#8221; bg_pos_h=&#8221;90%&#8221;][vc_column][vc_empty_space height=&#8221;400px&#8221;][\/vc_column][\/vc_row][vc_row css=&#8221;.vc_custom_1685111236282{margin-bottom: 50px !important;padding-top: 3% !important;padding-right: 20px !important;padding-bottom: 3% !important;padding-left: 20px !important;background-color: #fcfcfc !important;}&#8221;][vc_column width=&#8221;1\/4&#8243;][vc_single_image image=&#8221;1786&#8243; alignment=&#8221;center&#8221;][\/vc_column][vc_column width=&#8221;3\/4&#8243;][vc_column_text]<\/p>\n<h2 style=\"font-size: 23px; margin-bottom: 20px; line-height: 0.5em;\">About us<\/h2>\n<p style=\"text-align: left;\">Noracent GmbH is a pharmaceutical trading company with headquarters in Mettmann and branches in Bremen, Berlin, Ortisei (near Bolzano\/IT) and Villejust (near Paris\/FR). Our large warehouse locations in Mettmann and Bremen have a licence for wholesale trade in medicinal products according to \u00a7 52 a para. 1 AMG. Flexibility in logistics, expert planning and advice on product use, especially for wound and infusion therapy, and an international procurement network make Noracent GmbH an independent trading partner in the healthcare sector.<\/p>\n<p>[\/vc_column_text][\/vc_column][\/vc_row][vc_row gap=&#8221;35&#8243; content_placement=&#8221;middle&#8221; css=&#8221;.vc_custom_1685522210088{padding-top: 0px !important;padding-right: 20px !important;padding-bottom: 0px !important;padding-left: 20px !important;background-color: #ffffff !important;}&#8221;][vc_column width=&#8221;1\/2&#8243; css=&#8221;.vc_custom_1685112308052{padding-top: 10px !important;}&#8221;][vc_column_text]<\/p>\n<h2 style=\"line-height: 1em; text-align: left;\">A network around patient well-being.<\/h2>\n<p style=\"text-align: left;\">We are happy to maintain and mediate contact with relevant health care providers, because quality in the sense of patients can only be achieved together.<\/p>\n<p>[\/vc_column_text]<a href=\"mailto:info@noracent.de\" class=\"btn btn-solid btn-xsm semi-round btn-bordered border-thin ld_button_6a08f483879d5 vc_custom_1685113101829\">\n\t<span>\n\t\t\n\t\t\t\t\t<span class=\"btn-txt\">Jetzt Kontakt aufnehmen<\/span>\n\t\t\t\n\t\t\t\t<\/span>\n<\/a>\n[\/vc_column][vc_column width=&#8221;1\/2&#8243;][vc_single_image image=&#8221;1823&#8243; img_size=&#8221;large&#8221; image_max_width=&#8221;420px&#8221;][\/vc_column][\/vc_row][vc_row css=&#8221;.vc_custom_1685113153516{padding-top: 50px !important;padding-right: 20px !important;padding-bottom: 50px !important;padding-left: 20px !important;background-color: #fcfcfc !important;}&#8221;][vc_column width=&#8221;1\/3&#8243;][vc_single_image image=&#8221;687&#8243; alignment=&#8221;center&#8221; image_max_width=&#8221;100px&#8221;][vc_column_text]<\/p>\n<h3 style=\"text-align: center; line-height: 1em;\">Your trading partner<\/h3>\n<p style=\"text-align: center;\">Pharmaceutical wholesaler with an international network for the procurement and supply of medical devices, pharmaceuticals and other relevant products for medical care.<\/p>\n<p>[\/vc_column_text][\/vc_column][vc_column width=&#8221;1\/3&#8243;][vc_single_image image=&#8221;1552&#8243; alignment=&#8221;center&#8221; image_max_width=&#8221;100px&#8221;][vc_column_text]<\/p>\n<h3 style=\"text-align: center; line-height: 1em;\">Your consultant<\/h3>\n<p style=\"text-align: center;\">Industry-neutral counselling and therapy planning, especially for modern wound care and infusion therapy, by qualified homecare professionals and medical device consultants.<\/p>\n<p>[\/vc_column_text][\/vc_column][vc_column width=&#8221;1\/3&#8243;][vc_single_image image=&#8221;691&#8243; alignment=&#8221;center&#8221; image_max_width=&#8221;100px&#8221;][vc_column_text]<\/p>\n<h3 style=\"text-align: center; line-height: 1em;\">Your logistics specialist<\/h3>\n<p style=\"text-align: center;\">Individual solutions, especially for delivery within the framework of complication care in connection with discharge management, infusion therapy and modern wound care.<\/p>\n<p>[\/vc_column_text][\/vc_column][\/vc_row][vc_row gap=&#8221;35&#8243; content_placement=&#8221;top&#8221; css=&#8221;.vc_custom_1685522249209{padding-top: 80px !important;padding-right: 20px !important;padding-bottom: 30px !important;padding-left: 20px !important;}&#8221;][vc_column width=&#8221;1\/2&#8243;][vc_single_image image=&#8221;1829&#8243; img_size=&#8221;large&#8221;][\/vc_column][vc_column width=&#8221;1\/2&#8243; css=&#8221;.vc_custom_1685112308052{padding-top: 10px !important;}&#8221;][vc_column_text]<\/p>\n<h2 style=\"line-height: 1em; text-align: left;\">Transition &#8211; from the clinic to the home.<\/h2>\n<p style=\"text-align: left;\">For follow-up care after a hospital stay, you have the free choice as a patient as to who should provide this service. If you choose us, the hospital will, with your consent, forward all the data relevant to follow-up care to us. Our specialised staff will contact you while you are still in hospital in order to make your discharge and the following medical treatment care as pleasant and smooth as possible for you.<\/p>\n<p>[\/vc_column_text][\/vc_column][\/vc_row][vc_row gap=&#8221;35&#8243; content_placement=&#8221;top&#8221; css=&#8221;.vc_custom_1685522258475{margin-top: 30px !important;margin-bottom: 30px !important;padding-top: 50px !important;padding-right: 20px !important;padding-bottom: 50px !important;padding-left: 20px !important;background-color: #ffffff !important;}&#8221;][vc_column width=&#8221;1\/2&#8243; css=&#8221;.vc_custom_1685522315102{padding-top: 10px !important;padding-bottom: 30px !important;}&#8221;][vc_column_text]<\/p>\n<h2 style=\"line-height: 1em; text-align: left;\">Individual counselling, guidance and support.<\/h2>\n<p style=\"text-align: left;\">Our wound and infusion specialists are experts in their fields. They create an optimal therapy proposal with the products that make the most sense for your individual treatment. As a patient, family member or accompanying caregiver, you will receive appropriate instruction from our specialists in the therapy agreed with your doctor and the correct use of the products to be used. Of course, our registered specialists regularly accompany your therapy with visits and documentation, because maintaining your quality of life is our top priority.<\/p>\n<p>[\/vc_column_text][\/vc_column][vc_column width=&#8221;1\/2&#8243;][vc_single_image image=&#8221;1832&#8243; img_size=&#8221;large&#8221;][\/vc_column][\/vc_row][vc_row css=&#8221;.vc_custom_1685522329345{padding-right: 20px !important;padding-bottom: 5% !important;padding-left: 20px !important;}&#8221;][vc_column width=&#8221;1\/2&#8243; css=&#8221;.vc_custom_1587132086793{background-position: center !important;background-repeat: no-repeat !important;background-size: contain !important;}&#8221;][vc_single_image image=&#8221;354&#8243; img_size=&#8221;full&#8221;][\/vc_column][vc_column width=&#8221;1\/2&#8243; css=&#8221;.vc_custom_1587650943670{background-image: url(https:\/\/www.noracent.de\/wp-content\/uploads\/2020\/04\/noracent-kontakt-hg1.png?id=689) !important;background-position: center !important;background-repeat: no-repeat !important;background-size: contain !important;}&#8221;][vc_column_text]<\/p>\n<h2>Our contact details.<\/h2>\n<p><strong>Noracent Pharma Handels GmbH<\/strong><\/p>\n<p>Willettstra\u00dfe 10<br \/>\n40822 Mettmann<br \/>\nCustomer Service: 0800 455 4444<br \/>\nE-Mail: <a href=\"mailto:info@noracent.de\">info@noracent.de<\/a><\/p>\n<p><strong>Bremen office:<\/strong><\/p>\n<p>Am Mohrenshof 9<br \/>\n28277 Bremen<br \/>\nPhone: +49 421 40 89 17 50<br \/>\nE-Mail: <a href=\"bremen@noracent.de\">bremen@noracent.de<\/a><\/p>\n<p><strong>Noracent Italia S.r.l.<\/strong><\/p>\n<p>Via J.B Purger 181<br \/>\n39046 Ortisei<br \/>\nPhone: +39 371 325 76 42<br \/>\nE-Mail: <a href=\"nelly@noracentitalia.de\">nelly@noracentitalia.de<\/a><\/p>\n<p><strong>Noracent France Sarl<br \/>\n<\/strong><\/p>\n<p>Z.I l\u00d3c\u00e9ane, 16, rue du Z\u00e9phir<br \/>\n91140 Villejust<br \/>\nTel.: +33 01 83 63 95 51<br \/>\nE-Mail: <a href=\"n.coussin@noracent.fr\">n.coussin@noracent.fr<\/a>[\/vc_column_text][\/vc_column][\/vc_row]<\/p>\n<\/div>","protected":false},"excerpt":{"rendered":"<p>[vc_row content_placement=&#8221;middle&#8221; bg_position=&#8221;custom&#8221; css=&#8221;.vc_custom_1587910266413{padding-top: 1% !important;padding-bottom: 1% !important;background-image: url(https:\/\/www.noracent.de\/wp-content\/uploads\/2020\/04\/nc-header-firma-min.jpg?id=744) !important;background-position: center !important;background-repeat: no-repeat !important;background-size: cover&#8230;<\/p>\n","protected":false},"author":4,"featured_media":0,"parent":0,"menu_order":0,"comment_status":"closed","ping_status":"closed","template":"","meta":{"_acf_changed":false,"footnotes":""},"acf":[],"yoast_head":"<!-- This site is optimized with the Yoast SEO plugin v24.3 - https:\/\/yoast.com\/wordpress\/plugins\/seo\/ -->\n<title>noracent - Pharmaceutical Wholesale<\/title>\n<meta name=\"description\" content=\"Reliable in product procurement, fast &amp; flexible in supplying major customers such as hospitals, care facilities or rehabilitation clinics.\" \/>\n<meta name=\"robots\" content=\"index, follow, max-snippet:-1, max-image-preview:large, max-video-preview:-1\" \/>\n<link rel=\"canonical\" href=\"https:\/\/www.noracent.de\/en\/noracent\/\" \/>\n<meta property=\"og:locale\" content=\"en_US\" \/>\n<meta property=\"og:type\" content=\"article\" \/>\n<meta property=\"og:title\" content=\"noracent - Pharmaceutical Wholesale\" \/>\n<meta property=\"og:description\" content=\"Reliable in product procurement, fast &amp; flexible in supplying major customers such as hospitals, care facilities or rehabilitation clinics.\" \/>\n<meta property=\"og:url\" content=\"https:\/\/www.noracent.de\/en\/noracent\/\" \/>\n<meta property=\"og:site_name\" content=\"noracent gmbh | Pharmazeutischer Gro\u00dfhandel\" \/>\n<meta property=\"article:modified_time\" content=\"2023-06-08T08:50:27+00:00\" \/>\n<meta name=\"twitter:card\" content=\"summary_large_image\" \/>\n<meta name=\"twitter:label1\" content=\"Est. reading time\" \/>\n\t<meta name=\"twitter:data1\" content=\"3 minutes\" \/>\n<script type=\"application\/ld+json\" class=\"yoast-schema-graph\">{\"@context\":\"https:\/\/schema.org\",\"@graph\":[{\"@type\":\"WebPage\",\"@id\":\"https:\/\/www.noracent.de\/en\/noracent\/\",\"url\":\"https:\/\/www.noracent.de\/en\/noracent\/\",\"name\":\"noracent - Pharmaceutical Wholesale\",\"isPartOf\":{\"@id\":\"https:\/\/www.noracent.de\/en\/#website\"},\"datePublished\":\"2023-05-31T08:51:31+00:00\",\"dateModified\":\"2023-06-08T08:50:27+00:00\",\"description\":\"Reliable in product procurement, fast & flexible in supplying major customers such as hospitals, care facilities or rehabilitation clinics.\",\"breadcrumb\":{\"@id\":\"https:\/\/www.noracent.de\/en\/noracent\/#breadcrumb\"},\"inLanguage\":\"en-US\",\"potentialAction\":[{\"@type\":\"ReadAction\",\"target\":[\"https:\/\/www.noracent.de\/en\/noracent\/\"]}]},{\"@type\":\"BreadcrumbList\",\"@id\":\"https:\/\/www.noracent.de\/en\/noracent\/#breadcrumb\",\"itemListElement\":[{\"@type\":\"ListItem\",\"position\":1,\"name\":\"Startseite\",\"item\":\"https:\/\/www.noracent.de\/en\/?page_id=1394\"},{\"@type\":\"ListItem\",\"position\":2,\"name\":\"noracent &#8211; Pharmaceutical Wholesale\"}]},{\"@type\":\"WebSite\",\"@id\":\"https:\/\/www.noracent.de\/en\/#website\",\"url\":\"https:\/\/www.noracent.de\/en\/\",\"name\":\"noracent gmbh | Pharmazeutischer Gro\u00dfhandel\",\"description\":\"Rezeptmanagement | Homecare | Logistik | Versorger\",\"publisher\":{\"@id\":\"https:\/\/www.noracent.de\/en\/#organization\"},\"potentialAction\":[{\"@type\":\"SearchAction\",\"target\":{\"@type\":\"EntryPoint\",\"urlTemplate\":\"https:\/\/www.noracent.de\/en\/?s={search_term_string}\"},\"query-input\":{\"@type\":\"PropertyValueSpecification\",\"valueRequired\":true,\"valueName\":\"search_term_string\"}}],\"inLanguage\":\"en-US\"},{\"@type\":\"Organization\",\"@id\":\"https:\/\/www.noracent.de\/en\/#organization\",\"name\":\"noracent GmbH\",\"url\":\"https:\/\/www.noracent.de\/en\/\",\"logo\":{\"@type\":\"ImageObject\",\"inLanguage\":\"en-US\",\"@id\":\"https:\/\/www.noracent.de\/en\/#\/schema\/logo\/image\/\",\"url\":\"https:\/\/www.noracent.de\/wp-content\/uploads\/2020\/04\/Noracent_GROUP_Logo-100.png\",\"contentUrl\":\"https:\/\/www.noracent.de\/wp-content\/uploads\/2020\/04\/Noracent_GROUP_Logo-100.png\",\"width\":100,\"height\":28,\"caption\":\"noracent GmbH\"},\"image\":{\"@id\":\"https:\/\/www.noracent.de\/en\/#\/schema\/logo\/image\/\"}}]}<\/script>\n<!-- \/ Yoast SEO plugin. -->","yoast_head_json":{"title":"noracent - Pharmaceutical Wholesale","description":"Reliable in product procurement, fast & flexible in supplying major customers such as hospitals, care facilities or rehabilitation clinics.","robots":{"index":"index","follow":"follow","max-snippet":"max-snippet:-1","max-image-preview":"max-image-preview:large","max-video-preview":"max-video-preview:-1"},"canonical":"https:\/\/www.noracent.de\/en\/noracent\/","og_locale":"en_US","og_type":"article","og_title":"noracent - Pharmaceutical Wholesale","og_description":"Reliable in product procurement, fast & flexible in supplying major customers such as hospitals, care facilities or rehabilitation clinics.","og_url":"https:\/\/www.noracent.de\/en\/noracent\/","og_site_name":"noracent gmbh | Pharmazeutischer Gro\u00dfhandel","article_modified_time":"2023-06-08T08:50:27+00:00","twitter_card":"summary_large_image","twitter_misc":{"Est. reading time":"3 minutes"},"schema":{"@context":"https:\/\/schema.org","@graph":[{"@type":"WebPage","@id":"https:\/\/www.noracent.de\/en\/noracent\/","url":"https:\/\/www.noracent.de\/en\/noracent\/","name":"noracent - Pharmaceutical Wholesale","isPartOf":{"@id":"https:\/\/www.noracent.de\/en\/#website"},"datePublished":"2023-05-31T08:51:31+00:00","dateModified":"2023-06-08T08:50:27+00:00","description":"Reliable in product procurement, fast & flexible in supplying major customers such as hospitals, care facilities or rehabilitation clinics.","breadcrumb":{"@id":"https:\/\/www.noracent.de\/en\/noracent\/#breadcrumb"},"inLanguage":"en-US","potentialAction":[{"@type":"ReadAction","target":["https:\/\/www.noracent.de\/en\/noracent\/"]}]},{"@type":"BreadcrumbList","@id":"https:\/\/www.noracent.de\/en\/noracent\/#breadcrumb","itemListElement":[{"@type":"ListItem","position":1,"name":"Startseite","item":"https:\/\/www.noracent.de\/en\/?page_id=1394"},{"@type":"ListItem","position":2,"name":"noracent &#8211; Pharmaceutical Wholesale"}]},{"@type":"WebSite","@id":"https:\/\/www.noracent.de\/en\/#website","url":"https:\/\/www.noracent.de\/en\/","name":"noracent gmbh | Pharmazeutischer Gro\u00dfhandel","description":"Rezeptmanagement | Homecare | Logistik | Versorger","publisher":{"@id":"https:\/\/www.noracent.de\/en\/#organization"},"potentialAction":[{"@type":"SearchAction","target":{"@type":"EntryPoint","urlTemplate":"https:\/\/www.noracent.de\/en\/?s={search_term_string}"},"query-input":{"@type":"PropertyValueSpecification","valueRequired":true,"valueName":"search_term_string"}}],"inLanguage":"en-US"},{"@type":"Organization","@id":"https:\/\/www.noracent.de\/en\/#organization","name":"noracent GmbH","url":"https:\/\/www.noracent.de\/en\/","logo":{"@type":"ImageObject","inLanguage":"en-US","@id":"https:\/\/www.noracent.de\/en\/#\/schema\/logo\/image\/","url":"https:\/\/www.noracent.de\/wp-content\/uploads\/2020\/04\/Noracent_GROUP_Logo-100.png","contentUrl":"https:\/\/www.noracent.de\/wp-content\/uploads\/2020\/04\/Noracent_GROUP_Logo-100.png","width":100,"height":28,"caption":"noracent GmbH"},"image":{"@id":"https:\/\/www.noracent.de\/en\/#\/schema\/logo\/image\/"}}]}},"_links":{"self":[{"href":"https:\/\/www.noracent.de\/en\/wp-json\/wp\/v2\/pages\/1783"}],"collection":[{"href":"https:\/\/www.noracent.de\/en\/wp-json\/wp\/v2\/pages"}],"about":[{"href":"https:\/\/www.noracent.de\/en\/wp-json\/wp\/v2\/types\/page"}],"author":[{"embeddable":true,"href":"https:\/\/www.noracent.de\/en\/wp-json\/wp\/v2\/users\/4"}],"replies":[{"embeddable":true,"href":"https:\/\/www.noracent.de\/en\/wp-json\/wp\/v2\/comments?post=1783"}],"version-history":[{"count":8,"href":"https:\/\/www.noracent.de\/en\/wp-json\/wp\/v2\/pages\/1783\/revisions"}],"predecessor-version":[{"id":1883,"href":"https:\/\/www.noracent.de\/en\/wp-json\/wp\/v2\/pages\/1783\/revisions\/1883"}],"wp:attachment":[{"href":"https:\/\/www.noracent.de\/en\/wp-json\/wp\/v2\/media?parent=1783"}],"curies":[{"name":"wp","href":"https:\/\/api.w.org\/{rel}","templated":true}]}}